{"id":100,"date":"2022-05-27T11:25:24","date_gmt":"2022-05-27T11:25:24","guid":{"rendered":"https:\/\/spiralart.eu\/?page_id=100"},"modified":"2023-06-24T07:28:19","modified_gmt":"2023-06-24T07:28:19","slug":"arbeitweise-mathematische-spirale","status":"publish","type":"page","link":"https:\/\/spiralart.eu\/de\/ueber-spiral-art-digitaler-kunst-mit-spiralen-fraktalen\/arbeitweise-mathematische-spirale\/","title":{"rendered":"Arbeitsweise"},"content":{"rendered":"<p><div class=\"fusion-fullwidth fullwidth-box fusion-builder-row-1 fusion-flex-container nonhundred-percent-fullwidth non-hundred-percent-height-scrolling\" style=\"--awb-border-radius-top-left:0px;--awb-border-radius-top-right:0px;--awb-border-radius-bottom-right:0px;--awb-border-radius-bottom-left:0px;--awb-flex-wrap:wrap;\" ><div class=\"fusion-builder-row fusion-row fusion-flex-align-items-flex-start fusion-flex-content-wrap\" style=\"max-width:1248px;margin-left: calc(-4% \/ 2 );margin-right: calc(-4% \/ 2 );\"><div class=\"fusion-layout-column fusion_builder_column fusion-builder-column-0 fusion_builder_column_1_2 1_2 fusion-flex-column\" style=\"--awb-bg-size:cover;--awb-width-large:50%;--awb-margin-top-large:0px;--awb-spacing-right-large:3.84%;--awb-margin-bottom-large:20px;--awb-spacing-left-large:3.84%;--awb-width-medium:100%;--awb-order-medium:0;--awb-spacing-right-medium:1.92%;--awb-spacing-left-medium:1.92%;--awb-width-small:100%;--awb-order-small:0;--awb-spacing-right-small:1.92%;--awb-spacing-left-small:1.92%;\"><div class=\"fusion-column-wrapper fusion-column-has-shadow fusion-flex-justify-content-flex-start fusion-content-layout-column\"><div class=\"fusion-text fusion-text-1\"><h1>Arbeitsweise<\/h1>\n<p>Alexanders Bilder entstehen zun\u00e4chst ausschlie\u00dflich digital auf wei\u00dfem Bildschirm. Als Motiv dient eine mathematische Spirale, deren Linienform Ausgangspunkt f\u00fcr alle weiteren Operationen ist. Diese Form kann die Fl\u00e4che in kleinere teilen und als variiertes Motiv selbst\u00e4hnlich (fraktal) vervielf\u00e4ltigt werden. Das dadurch entstandene neue Motiv kann in einem n\u00e4chsten Schritt wiederum auf r\u00e4umliche Fl\u00e4chen, beispielsweise Kugeln, projiziert werden. Die unz\u00e4hligen Parameter der Operationen zur k\u00fcnstlerischen Gestaltung der Spiralen geben die M\u00f6glichkeit zur visuellen Erforschung dieser \u00e4sthetischen Strukturen in Fl\u00e4che und Raum.<\/p>\n<p>Durch intensive Bearbeitung k\u00f6nnen interessante Details in hochaufl\u00f6senden Bildern (bis zu 400 Millionen Pixel) entstehen. Auch lassen sich durch die schrittweise \u00c4nderung der Parameter Animationen erstellen, die den Bildern eine zus\u00e4tzliche zeitliche Dimension verleihen. In einem letzten Schritt werden die digitalen Bilder auf Papier, Leinwand oder Glas gedruckt, belichtet und gegebenenfalls gerahmt. Erst die Auswahl eines f\u00fcr jedes individuelle Bild geeigneten Materials sowie die Entscheidung f\u00fcr ein passendes Format runden Alexanders k\u00fcnstlerische Werke ab.<\/p>\n<\/div><\/div><\/div><div class=\"fusion-layout-column fusion_builder_column fusion-builder-column-1 fusion_builder_column_1_2 1_2 fusion-flex-column\" style=\"--awb-bg-size:cover;--awb-width-large:50%;--awb-margin-top-large:0px;--awb-spacing-right-large:3.84%;--awb-margin-bottom-large:40px;--awb-spacing-left-large:3.84%;--awb-width-medium:100%;--awb-order-medium:0;--awb-spacing-right-medium:1.92%;--awb-spacing-left-medium:1.92%;--awb-width-small:100%;--awb-order-small:0;--awb-spacing-right-small:1.92%;--awb-spacing-left-small:1.92%;\"><div class=\"fusion-column-wrapper fusion-column-has-shadow fusion-flex-justify-content-flex-start fusion-content-layout-column\"><div class=\"fusion-image-element \" style=\"--awb-caption-title-font-family:var(--h2_typography-font-family);--awb-caption-title-font-weight:var(--h2_typography-font-weight);--awb-caption-title-font-style:var(--h2_typography-font-style);--awb-caption-title-size:var(--h2_typography-font-size);--awb-caption-title-transform:var(--h2_typography-text-transform);--awb-caption-title-line-height:var(--h2_typography-line-height);--awb-caption-title-letter-spacing:var(--h2_typography-letter-spacing);\"><span class=\" fusion-imageframe imageframe-none imageframe-1 hover-type-none\"><img decoding=\"async\" width=\"800\" height=\"800\" alt=\"Spiral-Art-werkwijze-digitale-kunst-fractalen\" title=\"Spiral-Art-werkwijze-digitale-kunst-fractalen\" src=\"https:\/\/spiralart.eu\/wp-content\/uploads\/2022\/05\/Spiral-Art-werkwijze-digitale-kunst-fractalen.png\" class=\"img-responsive wp-image-303\" srcset=\"https:\/\/spiralart.eu\/wp-content\/uploads\/2022\/05\/Spiral-Art-werkwijze-digitale-kunst-fractalen-200x200.png 200w, https:\/\/spiralart.eu\/wp-content\/uploads\/2022\/05\/Spiral-Art-werkwijze-digitale-kunst-fractalen-400x400.png 400w, https:\/\/spiralart.eu\/wp-content\/uploads\/2022\/05\/Spiral-Art-werkwijze-digitale-kunst-fractalen-600x600.png 600w, https:\/\/spiralart.eu\/wp-content\/uploads\/2022\/05\/Spiral-Art-werkwijze-digitale-kunst-fractalen.png 800w\" sizes=\"(max-width: 640px) 100vw, 600px\" \/><\/span><\/div><\/div><\/div><\/div><\/div><div class=\"fusion-fullwidth fullwidth-box fusion-builder-row-2 fusion-flex-container nonhundred-percent-fullwidth non-hundred-percent-height-scrolling\" style=\"--awb-border-radius-top-left:0px;--awb-border-radius-top-right:0px;--awb-border-radius-bottom-right:0px;--awb-border-radius-bottom-left:0px;--awb-flex-wrap:wrap;\" ><div class=\"fusion-builder-row fusion-row fusion-flex-align-items-flex-start fusion-flex-content-wrap\" style=\"max-width:1248px;margin-left: calc(-4% \/ 2 );margin-right: calc(-4% \/ 2 );\"><div class=\"fusion-layout-column fusion_builder_column fusion-builder-column-2 fusion_builder_column_1_2 1_2 fusion-flex-column\" style=\"--awb-bg-size:cover;--awb-width-large:50%;--awb-margin-top-large:0px;--awb-spacing-right-large:3.84%;--awb-margin-bottom-large:20px;--awb-spacing-left-large:3.84%;--awb-width-medium:100%;--awb-order-medium:0;--awb-spacing-right-medium:1.92%;--awb-spacing-left-medium:1.92%;--awb-width-small:100%;--awb-order-small:0;--awb-spacing-right-small:1.92%;--awb-spacing-left-small:1.92%;\"><div class=\"fusion-column-wrapper fusion-column-has-shadow fusion-flex-justify-content-flex-start fusion-content-layout-column\"><div class=\"fusion-text fusion-text-2\"><h2>Phasen<\/h2>\n<p><span style=\"font-weight: normal;\">Erfahren Sie hier mehr \u00fcber Phase 1, 2 und 3 anhand dreier ausgew\u00e4hlter Werke.<\/span><\/p>\n<\/div><\/div><\/div><div class=\"fusion-layout-column fusion_builder_column fusion-builder-column-3 fusion_builder_column_1_2 1_2 fusion-flex-column fusion-no-small-visibility fusion-no-medium-visibility\" style=\"--awb-bg-size:cover;--awb-width-large:50%;--awb-margin-top-large:0px;--awb-spacing-right-large:3.84%;--awb-margin-bottom-large:20px;--awb-spacing-left-large:3.84%;--awb-width-medium:50%;--awb-order-medium:0;--awb-spacing-right-medium:3.84%;--awb-spacing-left-medium:3.84%;--awb-width-small:100%;--awb-order-small:0;--awb-spacing-right-small:1.92%;--awb-spacing-left-small:1.92%;\"><div class=\"fusion-column-wrapper fusion-column-has-shadow fusion-flex-justify-content-flex-start fusion-content-layout-column\"><\/div><\/div><\/div><\/div><div class=\"fusion-fullwidth fullwidth-box fusion-builder-row-3 fusion-flex-container nonhundred-percent-fullwidth non-hundred-percent-height-scrolling\" style=\"--awb-border-radius-top-left:0px;--awb-border-radius-top-right:0px;--awb-border-radius-bottom-right:0px;--awb-border-radius-bottom-left:0px;--awb-flex-wrap:wrap;\" ><div class=\"fusion-builder-row fusion-row fusion-flex-align-items-flex-start fusion-flex-content-wrap\" style=\"max-width:1248px;margin-left: calc(-4% \/ 2 );margin-right: calc(-4% \/ 2 );\"><div class=\"fusion-layout-column fusion_builder_column fusion-builder-column-4 fusion_builder_column_1_1 1_1 fusion-flex-column\" style=\"--awb-bg-size:cover;--awb-width-large:100%;--awb-margin-top-large:0px;--awb-spacing-right-large:1.92%;--awb-margin-bottom-large:20px;--awb-spacing-left-large:1.92%;--awb-width-medium:100%;--awb-order-medium:0;--awb-spacing-right-medium:1.92%;--awb-spacing-left-medium:1.92%;--awb-width-small:100%;--awb-order-small:0;--awb-spacing-right-small:1.92%;--awb-spacing-left-small:1.92%;\"><div class=\"fusion-column-wrapper fusion-column-has-shadow fusion-flex-justify-content-flex-start fusion-content-layout-column\"><style type=\"text\/css\">.fusion-portfolio-wrapper#fusion-portfolio-1 .fusion-portfolio-content{  text-align: left; }<\/style><div class=\"fusion-recent-works fusion-portfolio-element fusion-portfolio fusion-portfolio-1 fusion-portfolio-grid fusion-portfolio-paging-infinite fusion-portfolio-three fusion-portfolio-unboxed fusion-portfolio-text\" data-id=\"-rw-1\" data-columns=\"three\"><style type=\"text\/css\">.fusion-portfolio-1 .fusion-portfolio-wrapper .fusion-col-spacing{padding:15px;}<\/style><div class=\"fusion-portfolio-wrapper\" id=\"fusion-portfolio-1\" data-picturesize=\"auto\" data-pages=\"1\" style=\"margin:-15px;\"><article id=\"portfolio-1-post-166\" class=\"fusion-portfolio-post case-de phase1 fusion-col-spacing post-166\"><div class=\"fusion-portfolio-content-wrapper\" style=\"border:none;\"><span class=\"vcard rich-snippet-hidden\"><span class=\"fn\"><a href=\"https:\/\/spiralart.eu\/de\/author\/alexander\/\" title=\"Beitr\u00e4ge von Alexander\" rel=\"author\">Alexander<\/a><\/span><\/span><span class=\"updated rich-snippet-hidden\">2022-06-10T07:58:25+00:00<\/span><div  class=\"fusion-image-wrapper\" aria-haspopup=\"true\">\n\t\t\t\t\t\t\t<a href=\"https:\/\/spiralart.eu\/de\/digital-art-prints\/pseudo-3d\/?portfolioCats=31\" aria-label=\"Pseudo-3D\">\n\t\t\t\t\t\t\t<img decoding=\"async\" width=\"800\" height=\"800\" src=\"https:\/\/spiralart.eu\/wp-content\/uploads\/2022\/02\/Spiral-Art-digital-art-pseudo-3d-1.png\" class=\"attachment-full size-full wp-post-image\" alt=\"Spiral-Art-digital-art-pseudo-3d\" srcset=\"https:\/\/spiralart.eu\/wp-content\/uploads\/2022\/02\/Spiral-Art-digital-art-pseudo-3d-1-200x200.png 200w, https:\/\/spiralart.eu\/wp-content\/uploads\/2022\/02\/Spiral-Art-digital-art-pseudo-3d-1-400x400.png 400w, https:\/\/spiralart.eu\/wp-content\/uploads\/2022\/02\/Spiral-Art-digital-art-pseudo-3d-1-600x600.png 600w, https:\/\/spiralart.eu\/wp-content\/uploads\/2022\/02\/Spiral-Art-digital-art-pseudo-3d-1.png 800w\" sizes=\"(min-width: 2200px) 100vw, (min-width: 784px) 380px, (min-width: 712px) 570px, (min-width: 640px) 712px, \" \/>\t\t\t<\/a>\n\t\t\t\t\t\t\t<\/div>\n<div class=\"fusion-portfolio-content\"><h2 class=\"entry-title fusion-post-title\"><a href=\"https:\/\/spiralart.eu\/de\/digital-art-prints\/pseudo-3d\/?portfolioCats=31\">Pseudo-3D<\/a><\/h2><div class=\"fusion-post-content\"><\/div><\/div><\/div><\/article><article id=\"portfolio-1-post-145\" class=\"fusion-portfolio-post case-de phase2 fusion-col-spacing post-145\"><div class=\"fusion-portfolio-content-wrapper\" style=\"border:none;\"><span class=\"vcard rich-snippet-hidden\"><span class=\"fn\"><a href=\"https:\/\/spiralart.eu\/de\/author\/alexander\/\" title=\"Beitr\u00e4ge von Alexander\" rel=\"author\">Alexander<\/a><\/span><\/span><span class=\"updated rich-snippet-hidden\">2022-06-10T07:59:25+00:00<\/span><div  class=\"fusion-image-wrapper\" aria-haspopup=\"true\">\n\t\t\t\t\t\t\t<a href=\"https:\/\/spiralart.eu\/de\/digital-art-prints\/fragmented-canvas\/?portfolioCats=31\" aria-label=\"Fragmented Canvas\">\n\t\t\t\t\t\t\t<img decoding=\"async\" width=\"800\" height=\"800\" src=\"https:\/\/spiralart.eu\/wp-content\/uploads\/2022\/02\/Spiral-Art-digital-art-Fragmented-Canvas-tiles-1.png\" class=\"attachment-full size-full wp-post-image\" alt=\"\" srcset=\"https:\/\/spiralart.eu\/wp-content\/uploads\/2022\/02\/Spiral-Art-digital-art-Fragmented-Canvas-tiles-1-200x200.png 200w, https:\/\/spiralart.eu\/wp-content\/uploads\/2022\/02\/Spiral-Art-digital-art-Fragmented-Canvas-tiles-1-400x400.png 400w, https:\/\/spiralart.eu\/wp-content\/uploads\/2022\/02\/Spiral-Art-digital-art-Fragmented-Canvas-tiles-1-600x600.png 600w, https:\/\/spiralart.eu\/wp-content\/uploads\/2022\/02\/Spiral-Art-digital-art-Fragmented-Canvas-tiles-1.png 800w\" sizes=\"(min-width: 2200px) 100vw, (min-width: 784px) 380px, (min-width: 712px) 570px, (min-width: 640px) 712px, \" \/>\t\t\t<\/a>\n\t\t\t\t\t\t\t<\/div>\n<div class=\"fusion-portfolio-content\"><h2 class=\"entry-title fusion-post-title\"><a href=\"https:\/\/spiralart.eu\/de\/digital-art-prints\/fragmented-canvas\/?portfolioCats=31\">Fragmented Canvas<\/a><\/h2><div class=\"fusion-post-content\"><\/div><\/div><\/div><\/article><article id=\"portfolio-1-post-168\" class=\"fusion-portfolio-post case-de phase3 fusion-col-spacing post-168\"><div class=\"fusion-portfolio-content-wrapper\" style=\"border:none;\"><span class=\"vcard rich-snippet-hidden\"><span class=\"fn\"><a href=\"https:\/\/spiralart.eu\/de\/author\/alexander\/\" title=\"Beitr\u00e4ge von Alexander\" rel=\"author\">Alexander<\/a><\/span><\/span><span class=\"updated rich-snippet-hidden\">2022-06-10T07:58:49+00:00<\/span><div  class=\"fusion-image-wrapper\" aria-haspopup=\"true\">\n\t\t\t\t\t\t\t<a href=\"https:\/\/spiralart.eu\/de\/digital-art-prints\/starshell\/?portfolioCats=31\" aria-label=\"Starshell\">\n\t\t\t\t\t\t\t<img decoding=\"async\" width=\"800\" height=\"800\" src=\"https:\/\/spiralart.eu\/wp-content\/uploads\/2022\/02\/Spiral-Art-digital-art-Starshell-fractal-globe-1.png\" class=\"attachment-full size-full wp-post-image\" alt=\"Spiral-Art-digital-art-Starshell-fractal-globe\" srcset=\"https:\/\/spiralart.eu\/wp-content\/uploads\/2022\/02\/Spiral-Art-digital-art-Starshell-fractal-globe-1-200x200.png 200w, https:\/\/spiralart.eu\/wp-content\/uploads\/2022\/02\/Spiral-Art-digital-art-Starshell-fractal-globe-1-400x400.png 400w, https:\/\/spiralart.eu\/wp-content\/uploads\/2022\/02\/Spiral-Art-digital-art-Starshell-fractal-globe-1-600x600.png 600w, https:\/\/spiralart.eu\/wp-content\/uploads\/2022\/02\/Spiral-Art-digital-art-Starshell-fractal-globe-1.png 800w\" sizes=\"(min-width: 2200px) 100vw, (min-width: 784px) 380px, (min-width: 712px) 570px, (min-width: 640px) 712px, \" \/>\t\t\t<\/a>\n\t\t\t\t\t\t\t<\/div>\n<div class=\"fusion-portfolio-content\"><h2 class=\"entry-title fusion-post-title\"><a href=\"https:\/\/spiralart.eu\/de\/digital-art-prints\/starshell\/?portfolioCats=31\">Starshell<\/a><\/h2><div class=\"fusion-post-content\"><\/div><\/div><\/div><\/article><\/div><\/div><\/div><\/div><\/div><\/div><\/p>\n","protected":false},"excerpt":{"rendered":"","protected":false},"author":1,"featured_media":0,"parent":155,"menu_order":0,"comment_status":"closed","ping_status":"closed","template":"","meta":{"footnotes":""},"class_list":["post-100","page","type-page","status-publish","hentry"],"yoast_head":"<!-- This site is optimized with the Yoast SEO plugin v27.3 - https:\/\/yoast.com\/product\/yoast-seo-wordpress\/ -->\n<title>Arbeitsweise - Spiral Art<\/title>\n<meta name=\"robots\" content=\"index, follow, max-snippet:-1, max-image-preview:large, max-video-preview:-1\" \/>\n<link rel=\"canonical\" href=\"https:\/\/spiralart.eu\/de\/ueber-spiral-art-digitaler-kunst-mit-spiralen-fraktalen\/arbeitweise-mathematische-spirale\/\" \/>\n<meta property=\"og:locale\" content=\"de_DE\" \/>\n<meta property=\"og:type\" content=\"article\" \/>\n<meta property=\"og:title\" content=\"Arbeitsweise - Spiral Art\" \/>\n<meta property=\"og:url\" content=\"https:\/\/spiralart.eu\/de\/ueber-spiral-art-digitaler-kunst-mit-spiralen-fraktalen\/arbeitweise-mathematische-spirale\/\" \/>\n<meta property=\"og:site_name\" content=\"Spiral Art\" \/>\n<meta property=\"article:modified_time\" content=\"2023-06-24T07:28:19+00:00\" \/>\n<meta name=\"twitter:card\" content=\"summary_large_image\" \/>\n<meta name=\"twitter:label1\" content=\"Gesch\u00e4tzte Lesezeit\" \/>\n\t<meta name=\"twitter:data1\" content=\"4\u00a0Minuten\" \/>\n<script type=\"application\/ld+json\" class=\"yoast-schema-graph\">{\"@context\":\"https:\\\/\\\/schema.org\",\"@graph\":[{\"@type\":\"WebPage\",\"@id\":\"https:\\\/\\\/spiralart.eu\\\/de\\\/ueber-spiral-art-digitaler-kunst-mit-spiralen-fraktalen\\\/arbeitweise-mathematische-spirale\\\/\",\"url\":\"https:\\\/\\\/spiralart.eu\\\/de\\\/ueber-spiral-art-digitaler-kunst-mit-spiralen-fraktalen\\\/arbeitweise-mathematische-spirale\\\/\",\"name\":\"Arbeitsweise - Spiral Art\",\"isPartOf\":{\"@id\":\"https:\\\/\\\/spiralart.eu\\\/#website\"},\"datePublished\":\"2022-05-27T11:25:24+00:00\",\"dateModified\":\"2023-06-24T07:28:19+00:00\",\"breadcrumb\":{\"@id\":\"https:\\\/\\\/spiralart.eu\\\/de\\\/ueber-spiral-art-digitaler-kunst-mit-spiralen-fraktalen\\\/arbeitweise-mathematische-spirale\\\/#breadcrumb\"},\"inLanguage\":\"de\",\"potentialAction\":[{\"@type\":\"ReadAction\",\"target\":[\"https:\\\/\\\/spiralart.eu\\\/de\\\/ueber-spiral-art-digitaler-kunst-mit-spiralen-fraktalen\\\/arbeitweise-mathematische-spirale\\\/\"]}]},{\"@type\":\"BreadcrumbList\",\"@id\":\"https:\\\/\\\/spiralart.eu\\\/de\\\/ueber-spiral-art-digitaler-kunst-mit-spiralen-fraktalen\\\/arbeitweise-mathematische-spirale\\\/#breadcrumb\",\"itemListElement\":[{\"@type\":\"ListItem\",\"position\":1,\"name\":\"Home\",\"item\":\"https:\\\/\\\/spiralart.eu\\\/de\\\/\"},{\"@type\":\"ListItem\",\"position\":2,\"name\":\"\u00dcber Spiral Art\",\"item\":\"https:\\\/\\\/spiralart.eu\\\/de\\\/ueber-spiral-art-digitaler-kunst-mit-spiralen-fraktalen\\\/\"},{\"@type\":\"ListItem\",\"position\":3,\"name\":\"Arbeitsweise\"}]},{\"@type\":\"WebSite\",\"@id\":\"https:\\\/\\\/spiralart.eu\\\/#website\",\"url\":\"https:\\\/\\\/spiralart.eu\\\/\",\"name\":\"Spiral Art\",\"description\":\"By Alexander Heinz\",\"potentialAction\":[{\"@type\":\"SearchAction\",\"target\":{\"@type\":\"EntryPoint\",\"urlTemplate\":\"https:\\\/\\\/spiralart.eu\\\/?s={search_term_string}\"},\"query-input\":{\"@type\":\"PropertyValueSpecification\",\"valueRequired\":true,\"valueName\":\"search_term_string\"}}],\"inLanguage\":\"de\"}]}<\/script>\n<!-- \/ Yoast SEO plugin. -->","yoast_head_json":{"title":"Arbeitsweise - Spiral Art","robots":{"index":"index","follow":"follow","max-snippet":"max-snippet:-1","max-image-preview":"max-image-preview:large","max-video-preview":"max-video-preview:-1"},"canonical":"https:\/\/spiralart.eu\/de\/ueber-spiral-art-digitaler-kunst-mit-spiralen-fraktalen\/arbeitweise-mathematische-spirale\/","og_locale":"de_DE","og_type":"article","og_title":"Arbeitsweise - Spiral Art","og_url":"https:\/\/spiralart.eu\/de\/ueber-spiral-art-digitaler-kunst-mit-spiralen-fraktalen\/arbeitweise-mathematische-spirale\/","og_site_name":"Spiral Art","article_modified_time":"2023-06-24T07:28:19+00:00","twitter_card":"summary_large_image","twitter_misc":{"Gesch\u00e4tzte Lesezeit":"4\u00a0Minuten"},"schema":{"@context":"https:\/\/schema.org","@graph":[{"@type":"WebPage","@id":"https:\/\/spiralart.eu\/de\/ueber-spiral-art-digitaler-kunst-mit-spiralen-fraktalen\/arbeitweise-mathematische-spirale\/","url":"https:\/\/spiralart.eu\/de\/ueber-spiral-art-digitaler-kunst-mit-spiralen-fraktalen\/arbeitweise-mathematische-spirale\/","name":"Arbeitsweise - Spiral Art","isPartOf":{"@id":"https:\/\/spiralart.eu\/#website"},"datePublished":"2022-05-27T11:25:24+00:00","dateModified":"2023-06-24T07:28:19+00:00","breadcrumb":{"@id":"https:\/\/spiralart.eu\/de\/ueber-spiral-art-digitaler-kunst-mit-spiralen-fraktalen\/arbeitweise-mathematische-spirale\/#breadcrumb"},"inLanguage":"de","potentialAction":[{"@type":"ReadAction","target":["https:\/\/spiralart.eu\/de\/ueber-spiral-art-digitaler-kunst-mit-spiralen-fraktalen\/arbeitweise-mathematische-spirale\/"]}]},{"@type":"BreadcrumbList","@id":"https:\/\/spiralart.eu\/de\/ueber-spiral-art-digitaler-kunst-mit-spiralen-fraktalen\/arbeitweise-mathematische-spirale\/#breadcrumb","itemListElement":[{"@type":"ListItem","position":1,"name":"Home","item":"https:\/\/spiralart.eu\/de\/"},{"@type":"ListItem","position":2,"name":"\u00dcber Spiral Art","item":"https:\/\/spiralart.eu\/de\/ueber-spiral-art-digitaler-kunst-mit-spiralen-fraktalen\/"},{"@type":"ListItem","position":3,"name":"Arbeitsweise"}]},{"@type":"WebSite","@id":"https:\/\/spiralart.eu\/#website","url":"https:\/\/spiralart.eu\/","name":"Spiral Art","description":"By Alexander Heinz","potentialAction":[{"@type":"SearchAction","target":{"@type":"EntryPoint","urlTemplate":"https:\/\/spiralart.eu\/?s={search_term_string}"},"query-input":{"@type":"PropertyValueSpecification","valueRequired":true,"valueName":"search_term_string"}}],"inLanguage":"de"}]}},"_links":{"self":[{"href":"https:\/\/spiralart.eu\/de\/wp-json\/wp\/v2\/pages\/100","targetHints":{"allow":["GET"]}}],"collection":[{"href":"https:\/\/spiralart.eu\/de\/wp-json\/wp\/v2\/pages"}],"about":[{"href":"https:\/\/spiralart.eu\/de\/wp-json\/wp\/v2\/types\/page"}],"author":[{"embeddable":true,"href":"https:\/\/spiralart.eu\/de\/wp-json\/wp\/v2\/users\/1"}],"replies":[{"embeddable":true,"href":"https:\/\/spiralart.eu\/de\/wp-json\/wp\/v2\/comments?post=100"}],"version-history":[{"count":17,"href":"https:\/\/spiralart.eu\/de\/wp-json\/wp\/v2\/pages\/100\/revisions"}],"predecessor-version":[{"id":713,"href":"https:\/\/spiralart.eu\/de\/wp-json\/wp\/v2\/pages\/100\/revisions\/713"}],"up":[{"embeddable":true,"href":"https:\/\/spiralart.eu\/de\/wp-json\/wp\/v2\/pages\/155"}],"wp:attachment":[{"href":"https:\/\/spiralart.eu\/de\/wp-json\/wp\/v2\/media?parent=100"}],"curies":[{"name":"wp","href":"https:\/\/api.w.org\/{rel}","templated":true}]}}